{"id":562,"date":"2017-08-30T11:49:59","date_gmt":"2017-08-30T14:49:59","guid":{"rendered":"https:\/\/www.ipep.com.br\/site\/?page_id=562"},"modified":"2017-08-30T11:59:56","modified_gmt":"2017-08-30T14:59:56","slug":"pos-graduacao","status":"publish","type":"page","link":"https:\/\/www.ipep.com.br\/site\/extensao\/pepcex\/pos-graduacao\/","title":{"rendered":"P\u00f3s-gradua\u00e7\u00e3o"},"content":{"rendered":"","protected":false},"excerpt":{"rendered":"","protected":false},"author":5,"featured_media":0,"parent":412,"menu_order":1,"comment_status":"closed","ping_status":"closed","template":"","meta":{"footnotes":""},"_links":{"self":[{"href":"https:\/\/www.ipep.com.br\/site\/wp-json\/wp\/v2\/pages\/562"}],"collection":[{"href":"https:\/\/www.ipep.com.br\/site\/wp-json\/wp\/v2\/pages"}],"about":[{"href":"https:\/\/www.ipep.com.br\/site\/wp-json\/wp\/v2\/types\/page"}],"author":[{"embeddable":true,"href":"https:\/\/www.ipep.com.br\/site\/wp-json\/wp\/v2\/users\/5"}],"replies":[{"embeddable":true,"href":"https:\/\/www.ipep.com.br\/site\/wp-json\/wp\/v2\/comments?post=562"}],"version-history":[{"count":2,"href":"https:\/\/www.ipep.com.br\/site\/wp-json\/wp\/v2\/pages\/562\/revisions"}],"predecessor-version":[{"id":1333,"href":"https:\/\/www.ipep.com.br\/site\/wp-json\/wp\/v2\/pages\/562\/revisions\/1333"}],"up":[{"embeddable":true,"href":"https:\/\/www.ipep.com.br\/site\/wp-json\/wp\/v2\/pages\/412"}],"wp:attachment":[{"href":"https:\/\/www.ipep.com.br\/site\/wp-json\/wp\/v2\/media?parent=562"}],"curies":[{"name":"wp","href":"https:\/\/api.w.org\/{rel}","templated":true}]}}