{"id":493,"date":"2017-08-03T17:30:57","date_gmt":"2017-08-03T20:30:57","guid":{"rendered":"https:\/\/www.ipep.com.br\/site\/?page_id=493"},"modified":"2021-05-05T09:34:20","modified_gmt":"2021-05-05T12:34:20","slug":"cpa","status":"publish","type":"page","link":"https:\/\/www.ipep.com.br\/site\/institucional\/cpa\/","title":{"rendered":"CPA &#8211; Comiss\u00e3o Pr\u00f3pria de Avalia\u00e7\u00e3o"},"content":{"rendered":"","protected":false},"excerpt":{"rendered":"","protected":false},"author":5,"featured_media":0,"parent":19,"menu_order":2,"comment_status":"closed","ping_status":"closed","template":"","meta":{"footnotes":""},"_links":{"self":[{"href":"https:\/\/www.ipep.com.br\/site\/wp-json\/wp\/v2\/pages\/493"}],"collection":[{"href":"https:\/\/www.ipep.com.br\/site\/wp-json\/wp\/v2\/pages"}],"about":[{"href":"https:\/\/www.ipep.com.br\/site\/wp-json\/wp\/v2\/types\/page"}],"author":[{"embeddable":true,"href":"https:\/\/www.ipep.com.br\/site\/wp-json\/wp\/v2\/users\/5"}],"replies":[{"embeddable":true,"href":"https:\/\/www.ipep.com.br\/site\/wp-json\/wp\/v2\/comments?post=493"}],"version-history":[{"count":2,"href":"https:\/\/www.ipep.com.br\/site\/wp-json\/wp\/v2\/pages\/493\/revisions"}],"predecessor-version":[{"id":495,"href":"https:\/\/www.ipep.com.br\/site\/wp-json\/wp\/v2\/pages\/493\/revisions\/495"}],"up":[{"embeddable":true,"href":"https:\/\/www.ipep.com.br\/site\/wp-json\/wp\/v2\/pages\/19"}],"wp:attachment":[{"href":"https:\/\/www.ipep.com.br\/site\/wp-json\/wp\/v2\/media?parent=493"}],"curies":[{"name":"wp","href":"https:\/\/api.w.org\/{rel}","templated":true}]}}