{"id":149,"date":"2017-05-01T21:44:24","date_gmt":"2017-05-02T00:44:24","guid":{"rendered":"http:\/\/www.ipep.com.br\/ipep_wp\/?page_id=149"},"modified":"2018-02-01T16:01:14","modified_gmt":"2018-02-01T18:01:14","slug":"construcao-de-edificios","status":"publish","type":"page","link":"https:\/\/www.ipep.com.br\/site\/graduacao\/tecnologico\/construcao-de-edificios\/","title":{"rendered":"Constru\u00e7\u00e3o de Edif\u00edcios"},"content":{"rendered":"","protected":false},"excerpt":{"rendered":"","protected":false},"author":5,"featured_media":0,"parent":98,"menu_order":4,"comment_status":"closed","ping_status":"closed","template":"","meta":{"footnotes":""},"_links":{"self":[{"href":"https:\/\/www.ipep.com.br\/site\/wp-json\/wp\/v2\/pages\/149"}],"collection":[{"href":"https:\/\/www.ipep.com.br\/site\/wp-json\/wp\/v2\/pages"}],"about":[{"href":"https:\/\/www.ipep.com.br\/site\/wp-json\/wp\/v2\/types\/page"}],"author":[{"embeddable":true,"href":"https:\/\/www.ipep.com.br\/site\/wp-json\/wp\/v2\/users\/5"}],"replies":[{"embeddable":true,"href":"https:\/\/www.ipep.com.br\/site\/wp-json\/wp\/v2\/comments?post=149"}],"version-history":[{"count":2,"href":"https:\/\/www.ipep.com.br\/site\/wp-json\/wp\/v2\/pages\/149\/revisions"}],"predecessor-version":[{"id":624,"href":"https:\/\/www.ipep.com.br\/site\/wp-json\/wp\/v2\/pages\/149\/revisions\/624"}],"up":[{"embeddable":true,"href":"https:\/\/www.ipep.com.br\/site\/wp-json\/wp\/v2\/pages\/98"}],"wp:attachment":[{"href":"https:\/\/www.ipep.com.br\/site\/wp-json\/wp\/v2\/media?parent=149"}],"curies":[{"name":"wp","href":"https:\/\/api.w.org\/{rel}","templated":true}]}}